{"id":295,"date":"2013-03-06T17:43:44","date_gmt":"2013-03-06T17:43:44","guid":{"rendered":"http:\/\/www.aiatiim.dev\/?page_id=295"},"modified":"2016-02-02T12:28:08","modified_gmt":"2016-02-02T10:28:08","slug":"%d0%b1%d0%b0%d0%bb%d0%ba%d0%be%d0%bd%d0%bd%d1%8b%d0%b5-%d0%be%d0%b3%d1%80%d0%b0%d0%b6%d0%b4%d0%b5%d0%bd%d0%b8%d1%8f","status":"publish","type":"page","link":"https:\/\/aiatiim.ee\/ru\/%d0%b1%d0%b0%d0%bb%d0%ba%d0%be%d0%bd%d0%bd%d1%8b%d0%b5-%d0%be%d0%b3%d1%80%d0%b0%d0%b6%d0%b4%d0%b5%d0%bd%d0%b8%d1%8f\/","title":{"rendered":"\u0411\u0430\u043b\u043a\u043e\u043d\u043d\u044b\u0435 \u043e\u0433\u0440\u0430\u0436\u0434\u0435\u043d\u0438\u044f"},"content":{"rendered":"<style type=\"text\/css\">\r\n\t#foogallery-gallery-2296 .fg-image {\r\n        width: 245px;\r\n    }\r\n<\/style>\r\n\t\t\t\t<div class=\"foogallery foogallery-container foogallery-default foogallery-lightbox-foobox fg-gutter-5 fg-left fg-default fg-light fg-loading-default fg-loaded-fade-in fg-hover-fade fg-hover-zoom fg-ready\" id=\"foogallery-gallery-2296\" data-foogallery=\"{&quot;item&quot;:{&quot;showCaptionTitle&quot;:false,&quot;showCaptionDescription&quot;:false},&quot;lazy&quot;:true}\" >\r\n\t<div class=\"fg-item fg-type-image fg-idle\"><figure class=\"fg-item-inner\"><a href=\"https:\/\/aiatiim.ee\/wp-content\/uploads\/2016\/01\/image005-2.jpg\" data-attachment-id=\"2295\" data-type=\"image\" class=\"fg-thumb\"><span class=\"fg-image-wrap\"><img decoding=\"async\" width=\"245\" height=\"190\" class=\"skip-lazy fg-image\" data-src-fg=\"https:\/\/aiatiim.ee\/wp-content\/uploads\/cache\/2016\/01\/image005-2\/4219934083.jpg\" src=\"data:image\/svg+xml,%3Csvg%20xmlns%3D%22http%3A%2F%2Fwww.w3.org%2F2000%2Fsvg%22%20width%3D%22245%22%20height%3D%22190%22%20viewBox%3D%220%200%20245%20190%22%3E%3C%2Fsvg%3E\" loading=\"eager\"><\/span><span class=\"fg-image-overlay\"><\/span><\/a><figcaption class=\"fg-caption\"><div class=\"fg-caption-inner\"><\/div><\/figcaption><\/figure><div class=\"fg-loader\"><\/div><\/div><div class=\"fg-item fg-type-image fg-idle\"><figure class=\"fg-item-inner\"><a href=\"https:\/\/aiatiim.ee\/wp-content\/uploads\/2016\/01\/image004-3.jpg\" data-attachment-id=\"2293\" data-type=\"image\" class=\"fg-thumb\"><span class=\"fg-image-wrap\"><img decoding=\"async\" width=\"245\" height=\"190\" class=\"skip-lazy fg-image\" data-src-fg=\"https:\/\/aiatiim.ee\/wp-content\/uploads\/cache\/2016\/01\/image004-3\/3572847972.jpg\" src=\"data:image\/svg+xml,%3Csvg%20xmlns%3D%22http%3A%2F%2Fwww.w3.org%2F2000%2Fsvg%22%20width%3D%22245%22%20height%3D%22190%22%20viewBox%3D%220%200%20245%20190%22%3E%3C%2Fsvg%3E\" loading=\"eager\"><\/span><span class=\"fg-image-overlay\"><\/span><\/a><figcaption class=\"fg-caption\"><div class=\"fg-caption-inner\"><\/div><\/figcaption><\/figure><div class=\"fg-loader\"><\/div><\/div><div class=\"fg-item fg-type-image fg-idle\"><figure class=\"fg-item-inner\"><a href=\"https:\/\/aiatiim.ee\/wp-content\/uploads\/2016\/01\/image003-3.jpg\" data-attachment-id=\"2291\" data-type=\"image\" class=\"fg-thumb\"><span class=\"fg-image-wrap\"><img decoding=\"async\" width=\"245\" height=\"190\" class=\"skip-lazy fg-image\" data-src-fg=\"https:\/\/aiatiim.ee\/wp-content\/uploads\/cache\/2016\/01\/image003-3\/2230342943.jpg\" src=\"data:image\/svg+xml,%3Csvg%20xmlns%3D%22http%3A%2F%2Fwww.w3.org%2F2000%2Fsvg%22%20width%3D%22245%22%20height%3D%22190%22%20viewBox%3D%220%200%20245%20190%22%3E%3C%2Fsvg%3E\" loading=\"eager\"><\/span><span class=\"fg-image-overlay\"><\/span><\/a><figcaption class=\"fg-caption\"><div class=\"fg-caption-inner\"><\/div><\/figcaption><\/figure><div class=\"fg-loader\"><\/div><\/div><div class=\"fg-item fg-type-image fg-idle\"><figure class=\"fg-item-inner\"><a href=\"https:\/\/aiatiim.ee\/wp-content\/uploads\/2016\/01\/image002-3.jpg\" data-attachment-id=\"2289\" data-type=\"image\" class=\"fg-thumb\"><span class=\"fg-image-wrap\"><img decoding=\"async\" width=\"245\" height=\"190\" class=\"skip-lazy fg-image\" data-src-fg=\"https:\/\/aiatiim.ee\/wp-content\/uploads\/cache\/2016\/01\/image002-3\/1461946321.jpg\" src=\"data:image\/svg+xml,%3Csvg%20xmlns%3D%22http%3A%2F%2Fwww.w3.org%2F2000%2Fsvg%22%20width%3D%22245%22%20height%3D%22190%22%20viewBox%3D%220%200%20245%20190%22%3E%3C%2Fsvg%3E\" loading=\"eager\"><\/span><span class=\"fg-image-overlay\"><\/span><\/a><figcaption class=\"fg-caption\"><div class=\"fg-caption-inner\"><\/div><\/figcaption><\/figure><div class=\"fg-loader\"><\/div><\/div><div class=\"fg-item fg-type-image fg-idle\"><figure class=\"fg-item-inner\"><a href=\"https:\/\/aiatiim.ee\/wp-content\/uploads\/2016\/01\/image001-4.jpg\" data-attachment-id=\"2287\" data-type=\"image\" class=\"fg-thumb\"><span class=\"fg-image-wrap\"><img decoding=\"async\" width=\"245\" height=\"190\" class=\"skip-lazy fg-image\" data-src-fg=\"https:\/\/aiatiim.ee\/wp-content\/uploads\/cache\/2016\/01\/image001-4\/473724999.jpg\" src=\"data:image\/svg+xml,%3Csvg%20xmlns%3D%22http%3A%2F%2Fwww.w3.org%2F2000%2Fsvg%22%20width%3D%22245%22%20height%3D%22190%22%20viewBox%3D%220%200%20245%20190%22%3E%3C%2Fsvg%3E\" loading=\"eager\"><\/span><span class=\"fg-image-overlay\"><\/span><\/a><figcaption class=\"fg-caption\"><div class=\"fg-caption-inner\"><\/div><\/figcaption><\/figure><div class=\"fg-loader\"><\/div><\/div><\/div>\r\n\n<h3><\/h3>\n","protected":false},"excerpt":{"rendered":"","protected":false},"author":5,"featured_media":0,"parent":0,"menu_order":0,"comment_status":"closed","ping_status":"closed","template":"","meta":{"ocean_post_layout":"","ocean_both_sidebars_style":"","ocean_both_sidebars_content_width":0,"ocean_both_sidebars_sidebars_width":0,"ocean_sidebar":"","ocean_second_sidebar":"","ocean_disable_margins":"enable","ocean_add_body_class":"","ocean_shortcode_before_top_bar":"","ocean_shortcode_after_top_bar":"","ocean_shortcode_before_header":"","ocean_shortcode_after_header":"","ocean_has_shortcode":"","ocean_shortcode_after_title":"","ocean_shortcode_before_footer_widgets":"","ocean_shortcode_after_footer_widgets":"","ocean_shortcode_before_footer_bottom":"","ocean_shortcode_after_footer_bottom":"","ocean_display_top_bar":"default","ocean_display_header":"default","ocean_header_style":"","ocean_center_header_left_menu":"","ocean_custom_header_template":"","ocean_custom_logo":0,"ocean_custom_retina_logo":0,"ocean_custom_logo_max_width":0,"ocean_custom_logo_tablet_max_width":0,"ocean_custom_logo_mobile_max_width":0,"ocean_custom_logo_max_height":0,"ocean_custom_logo_tablet_max_height":0,"ocean_custom_logo_mobile_max_height":0,"ocean_header_custom_menu":"","ocean_menu_typo_font_family":"","ocean_menu_typo_font_subset":"","ocean_menu_typo_font_size":0,"ocean_menu_typo_font_size_tablet":0,"ocean_menu_typo_font_size_mobile":0,"ocean_menu_typo_font_size_unit":"px","ocean_menu_typo_font_weight":"","ocean_menu_typo_font_weight_tablet":"","ocean_menu_typo_font_weight_mobile":"","ocean_menu_typo_transform":"","ocean_menu_typo_transform_tablet":"","ocean_menu_typo_transform_mobile":"","ocean_menu_typo_line_height":0,"ocean_menu_typo_line_height_tablet":0,"ocean_menu_typo_line_height_mobile":0,"ocean_menu_typo_line_height_unit":"","ocean_menu_typo_spacing":0,"ocean_menu_typo_spacing_tablet":0,"ocean_menu_typo_spacing_mobile":0,"ocean_menu_typo_spacing_unit":"","ocean_menu_link_color":"","ocean_menu_link_color_hover":"","ocean_menu_link_color_active":"","ocean_menu_link_background":"","ocean_menu_link_hover_background":"","ocean_menu_link_active_background":"","ocean_menu_social_links_bg":"","ocean_menu_social_hover_links_bg":"","ocean_menu_social_links_color":"","ocean_menu_social_hover_links_color":"","ocean_disable_title":"default","ocean_disable_heading":"default","ocean_post_title":"","ocean_post_subheading":"","ocean_post_title_style":"","ocean_post_title_background_color":"","ocean_post_title_background":0,"ocean_post_title_bg_image_position":"","ocean_post_title_bg_image_attachment":"","ocean_post_title_bg_image_repeat":"","ocean_post_title_bg_image_size":"","ocean_post_title_height":0,"ocean_post_title_bg_overlay":0.5,"ocean_post_title_bg_overlay_color":"","ocean_disable_breadcrumbs":"default","ocean_breadcrumbs_color":"","ocean_breadcrumbs_separator_color":"","ocean_breadcrumbs_links_color":"","ocean_breadcrumbs_links_hover_color":"","ocean_display_footer_widgets":"default","ocean_display_footer_bottom":"default","ocean_custom_footer_template":"","osh_disable_topbar_sticky":"default","osh_disable_header_sticky":"default","osh_sticky_header_style":"default","osh_sticky_header_effect":"","osh_custom_sticky_logo":0,"osh_custom_retina_sticky_logo":0,"osh_custom_sticky_logo_height":0,"osh_background_color":"","osh_links_color":"","osh_links_hover_color":"","osh_links_active_color":"","osh_links_bg_color":"","osh_links_hover_bg_color":"","osh_links_active_bg_color":"","osh_menu_social_links_color":"","osh_menu_social_hover_links_color":"","footnotes":""},"class_list":["post-295","page","type-page","status-publish","hentry","entry"],"yoast_head":"<!-- This site is optimized with the Yoast SEO plugin v24.2 - https:\/\/yoast.com\/wordpress\/plugins\/seo\/ -->\n<title>\u0411\u0430\u043b\u043a\u043e\u043d\u043d\u044b\u0435 \u043e\u0433\u0440\u0430\u0436\u0434\u0435\u043d\u0438\u044f<\/title>\n<meta name=\"description\" content=\"\u0411\u0430\u043b\u043a\u043e\u043d\u043d\u044b\u0435 \u043e\u0433\u0440\u0430\u0436\u0434\u0435\u043d\u0438\u044f\" \/>\n<meta name=\"robots\" content=\"index, follow, max-snippet:-1, max-image-preview:large, max-video-preview:-1\" \/>\n<link rel=\"canonical\" href=\"https:\/\/aiatiim.ee\/ru\/\u0431\u0430\u043b\u043a\u043e\u043d\u043d\u044b\u0435-\u043e\u0433\u0440\u0430\u0436\u0434\u0435\u043d\u0438\u044f\/\" \/>\n<meta property=\"og:locale\" content=\"ru_RU\" \/>\n<meta property=\"og:type\" content=\"article\" \/>\n<meta property=\"og:title\" content=\"\u0411\u0430\u043b\u043a\u043e\u043d\u043d\u044b\u0435 \u043e\u0433\u0440\u0430\u0436\u0434\u0435\u043d\u0438\u044f\" \/>\n<meta property=\"og:description\" content=\"\u0411\u0430\u043b\u043a\u043e\u043d\u043d\u044b\u0435 \u043e\u0433\u0440\u0430\u0436\u0434\u0435\u043d\u0438\u044f\" \/>\n<meta property=\"og:url\" content=\"https:\/\/aiatiim.ee\/ru\/\u0431\u0430\u043b\u043a\u043e\u043d\u043d\u044b\u0435-\u043e\u0433\u0440\u0430\u0436\u0434\u0435\u043d\u0438\u044f\/\" \/>\n<meta property=\"og:site_name\" content=\"Aiatiim O\u00dc\" \/>\n<meta property=\"article:modified_time\" content=\"2016-02-02T10:28:08+00:00\" \/>\n<script type=\"application\/ld+json\" class=\"yoast-schema-graph\">{\"@context\":\"https:\/\/schema.org\",\"@graph\":[{\"@type\":\"WebPage\",\"@id\":\"https:\/\/aiatiim.ee\/ru\/%d0%b1%d0%b0%d0%bb%d0%ba%d0%be%d0%bd%d0%bd%d1%8b%d0%b5-%d0%be%d0%b3%d1%80%d0%b0%d0%b6%d0%b4%d0%b5%d0%bd%d0%b8%d1%8f\/\",\"url\":\"https:\/\/aiatiim.ee\/ru\/%d0%b1%d0%b0%d0%bb%d0%ba%d0%be%d0%bd%d0%bd%d1%8b%d0%b5-%d0%be%d0%b3%d1%80%d0%b0%d0%b6%d0%b4%d0%b5%d0%bd%d0%b8%d1%8f\/\",\"name\":\"\u0411\u0430\u043b\u043a\u043e\u043d\u043d\u044b\u0435 \u043e\u0433\u0440\u0430\u0436\u0434\u0435\u043d\u0438\u044f\",\"isPartOf\":{\"@id\":\"https:\/\/aiatiim.ee\/ru\/#website\"},\"datePublished\":\"2013-03-06T17:43:44+00:00\",\"dateModified\":\"2016-02-02T10:28:08+00:00\",\"description\":\"\u0411\u0430\u043b\u043a\u043e\u043d\u043d\u044b\u0435 \u043e\u0433\u0440\u0430\u0436\u0434\u0435\u043d\u0438\u044f\",\"breadcrumb\":{\"@id\":\"https:\/\/aiatiim.ee\/ru\/%d0%b1%d0%b0%d0%bb%d0%ba%d0%be%d0%bd%d0%bd%d1%8b%d0%b5-%d0%be%d0%b3%d1%80%d0%b0%d0%b6%d0%b4%d0%b5%d0%bd%d0%b8%d1%8f\/#breadcrumb\"},\"inLanguage\":\"ru-RU\",\"potentialAction\":[{\"@type\":\"ReadAction\",\"target\":[\"https:\/\/aiatiim.ee\/ru\/%d0%b1%d0%b0%d0%bb%d0%ba%d0%be%d0%bd%d0%bd%d1%8b%d0%b5-%d0%be%d0%b3%d1%80%d0%b0%d0%b6%d0%b4%d0%b5%d0%bd%d0%b8%d1%8f\/\"]}]},{\"@type\":\"BreadcrumbList\",\"@id\":\"https:\/\/aiatiim.ee\/ru\/%d0%b1%d0%b0%d0%bb%d0%ba%d0%be%d0%bd%d0%bd%d1%8b%d0%b5-%d0%be%d0%b3%d1%80%d0%b0%d0%b6%d0%b4%d0%b5%d0%bd%d0%b8%d1%8f\/#breadcrumb\",\"itemListElement\":[{\"@type\":\"ListItem\",\"position\":1,\"name\":\"Avaleht\",\"item\":\"https:\/\/aiatiim.ee\/ru\/\"},{\"@type\":\"ListItem\",\"position\":2,\"name\":\"\u0411\u0430\u043b\u043a\u043e\u043d\u043d\u044b\u0435 \u043e\u0433\u0440\u0430\u0436\u0434\u0435\u043d\u0438\u044f\"}]},{\"@type\":\"WebSite\",\"@id\":\"https:\/\/aiatiim.ee\/ru\/#website\",\"url\":\"https:\/\/aiatiim.ee\/ru\/\",\"name\":\"Aiatiim O\u00dc\",\"description\":\"Aiav\u00e4ravate, piirdeaedade ja t\u00f5kkepuude m\u00fc\u00fck, paigaldus ja hooldus\",\"publisher\":{\"@id\":\"https:\/\/aiatiim.ee\/ru\/#organization\"},\"potentialAction\":[{\"@type\":\"SearchAction\",\"target\":{\"@type\":\"EntryPoint\",\"urlTemplate\":\"https:\/\/aiatiim.ee\/ru\/?s={search_term_string}\"},\"query-input\":{\"@type\":\"PropertyValueSpecification\",\"valueRequired\":true,\"valueName\":\"search_term_string\"}}],\"inLanguage\":\"ru-RU\"},{\"@type\":\"Organization\",\"@id\":\"https:\/\/aiatiim.ee\/ru\/#organization\",\"name\":\"Aiatiim O\u00dc\",\"url\":\"https:\/\/aiatiim.ee\/ru\/\",\"logo\":{\"@type\":\"ImageObject\",\"inLanguage\":\"ru-RU\",\"@id\":\"https:\/\/aiatiim.ee\/ru\/#\/schema\/logo\/image\/\",\"url\":\"https:\/\/aiatiim.ee\/wp-content\/uploads\/2019\/02\/logo2.png\",\"contentUrl\":\"https:\/\/aiatiim.ee\/wp-content\/uploads\/2019\/02\/logo2.png\",\"width\":151,\"height\":30,\"caption\":\"Aiatiim O\u00dc\"},\"image\":{\"@id\":\"https:\/\/aiatiim.ee\/ru\/#\/schema\/logo\/image\/\"}}]}<\/script>\n<!-- \/ Yoast SEO plugin. -->","yoast_head_json":{"title":"\u0411\u0430\u043b\u043a\u043e\u043d\u043d\u044b\u0435 \u043e\u0433\u0440\u0430\u0436\u0434\u0435\u043d\u0438\u044f","description":"\u0411\u0430\u043b\u043a\u043e\u043d\u043d\u044b\u0435 \u043e\u0433\u0440\u0430\u0436\u0434\u0435\u043d\u0438\u044f","robots":{"index":"index","follow":"follow","max-snippet":"max-snippet:-1","max-image-preview":"max-image-preview:large","max-video-preview":"max-video-preview:-1"},"canonical":"https:\/\/aiatiim.ee\/ru\/\u0431\u0430\u043b\u043a\u043e\u043d\u043d\u044b\u0435-\u043e\u0433\u0440\u0430\u0436\u0434\u0435\u043d\u0438\u044f\/","og_locale":"ru_RU","og_type":"article","og_title":"\u0411\u0430\u043b\u043a\u043e\u043d\u043d\u044b\u0435 \u043e\u0433\u0440\u0430\u0436\u0434\u0435\u043d\u0438\u044f","og_description":"\u0411\u0430\u043b\u043a\u043e\u043d\u043d\u044b\u0435 \u043e\u0433\u0440\u0430\u0436\u0434\u0435\u043d\u0438\u044f","og_url":"https:\/\/aiatiim.ee\/ru\/\u0431\u0430\u043b\u043a\u043e\u043d\u043d\u044b\u0435-\u043e\u0433\u0440\u0430\u0436\u0434\u0435\u043d\u0438\u044f\/","og_site_name":"Aiatiim O\u00dc","article_modified_time":"2016-02-02T10:28:08+00:00","schema":{"@context":"https:\/\/schema.org","@graph":[{"@type":"WebPage","@id":"https:\/\/aiatiim.ee\/ru\/%d0%b1%d0%b0%d0%bb%d0%ba%d0%be%d0%bd%d0%bd%d1%8b%d0%b5-%d0%be%d0%b3%d1%80%d0%b0%d0%b6%d0%b4%d0%b5%d0%bd%d0%b8%d1%8f\/","url":"https:\/\/aiatiim.ee\/ru\/%d0%b1%d0%b0%d0%bb%d0%ba%d0%be%d0%bd%d0%bd%d1%8b%d0%b5-%d0%be%d0%b3%d1%80%d0%b0%d0%b6%d0%b4%d0%b5%d0%bd%d0%b8%d1%8f\/","name":"\u0411\u0430\u043b\u043a\u043e\u043d\u043d\u044b\u0435 \u043e\u0433\u0440\u0430\u0436\u0434\u0435\u043d\u0438\u044f","isPartOf":{"@id":"https:\/\/aiatiim.ee\/ru\/#website"},"datePublished":"2013-03-06T17:43:44+00:00","dateModified":"2016-02-02T10:28:08+00:00","description":"\u0411\u0430\u043b\u043a\u043e\u043d\u043d\u044b\u0435 \u043e\u0433\u0440\u0430\u0436\u0434\u0435\u043d\u0438\u044f","breadcrumb":{"@id":"https:\/\/aiatiim.ee\/ru\/%d0%b1%d0%b0%d0%bb%d0%ba%d0%be%d0%bd%d0%bd%d1%8b%d0%b5-%d0%be%d0%b3%d1%80%d0%b0%d0%b6%d0%b4%d0%b5%d0%bd%d0%b8%d1%8f\/#breadcrumb"},"inLanguage":"ru-RU","potentialAction":[{"@type":"ReadAction","target":["https:\/\/aiatiim.ee\/ru\/%d0%b1%d0%b0%d0%bb%d0%ba%d0%be%d0%bd%d0%bd%d1%8b%d0%b5-%d0%be%d0%b3%d1%80%d0%b0%d0%b6%d0%b4%d0%b5%d0%bd%d0%b8%d1%8f\/"]}]},{"@type":"BreadcrumbList","@id":"https:\/\/aiatiim.ee\/ru\/%d0%b1%d0%b0%d0%bb%d0%ba%d0%be%d0%bd%d0%bd%d1%8b%d0%b5-%d0%be%d0%b3%d1%80%d0%b0%d0%b6%d0%b4%d0%b5%d0%bd%d0%b8%d1%8f\/#breadcrumb","itemListElement":[{"@type":"ListItem","position":1,"name":"Avaleht","item":"https:\/\/aiatiim.ee\/ru\/"},{"@type":"ListItem","position":2,"name":"\u0411\u0430\u043b\u043a\u043e\u043d\u043d\u044b\u0435 \u043e\u0433\u0440\u0430\u0436\u0434\u0435\u043d\u0438\u044f"}]},{"@type":"WebSite","@id":"https:\/\/aiatiim.ee\/ru\/#website","url":"https:\/\/aiatiim.ee\/ru\/","name":"Aiatiim O\u00dc","description":"Aiav\u00e4ravate, piirdeaedade ja t\u00f5kkepuude m\u00fc\u00fck, paigaldus ja hooldus","publisher":{"@id":"https:\/\/aiatiim.ee\/ru\/#organization"},"potentialAction":[{"@type":"SearchAction","target":{"@type":"EntryPoint","urlTemplate":"https:\/\/aiatiim.ee\/ru\/?s={search_term_string}"},"query-input":{"@type":"PropertyValueSpecification","valueRequired":true,"valueName":"search_term_string"}}],"inLanguage":"ru-RU"},{"@type":"Organization","@id":"https:\/\/aiatiim.ee\/ru\/#organization","name":"Aiatiim O\u00dc","url":"https:\/\/aiatiim.ee\/ru\/","logo":{"@type":"ImageObject","inLanguage":"ru-RU","@id":"https:\/\/aiatiim.ee\/ru\/#\/schema\/logo\/image\/","url":"https:\/\/aiatiim.ee\/wp-content\/uploads\/2019\/02\/logo2.png","contentUrl":"https:\/\/aiatiim.ee\/wp-content\/uploads\/2019\/02\/logo2.png","width":151,"height":30,"caption":"Aiatiim O\u00dc"},"image":{"@id":"https:\/\/aiatiim.ee\/ru\/#\/schema\/logo\/image\/"}}]}},"_links":{"self":[{"href":"https:\/\/aiatiim.ee\/ru\/wp-json\/wp\/v2\/pages\/295","targetHints":{"allow":["GET"]}}],"collection":[{"href":"https:\/\/aiatiim.ee\/ru\/wp-json\/wp\/v2\/pages"}],"about":[{"href":"https:\/\/aiatiim.ee\/ru\/wp-json\/wp\/v2\/types\/page"}],"author":[{"embeddable":true,"href":"https:\/\/aiatiim.ee\/ru\/wp-json\/wp\/v2\/users\/5"}],"replies":[{"embeddable":true,"href":"https:\/\/aiatiim.ee\/ru\/wp-json\/wp\/v2\/comments?post=295"}],"version-history":[{"count":1,"href":"https:\/\/aiatiim.ee\/ru\/wp-json\/wp\/v2\/pages\/295\/revisions"}],"predecessor-version":[{"id":3113,"href":"https:\/\/aiatiim.ee\/ru\/wp-json\/wp\/v2\/pages\/295\/revisions\/3113"}],"wp:attachment":[{"href":"https:\/\/aiatiim.ee\/ru\/wp-json\/wp\/v2\/media?parent=295"}],"curies":[{"name":"wp","href":"https:\/\/api.w.org\/{rel}","templated":true}]}}