{"id":262,"date":"2013-03-06T17:13:49","date_gmt":"2013-03-06T17:13:49","guid":{"rendered":"http:\/\/www.aiatiim.dev\/?page_id=262"},"modified":"2018-01-30T13:47:00","modified_gmt":"2018-01-30T11:47:00","slug":"gsm-%d1%83%d0%bf%d1%80%d0%b0%d0%b2%d0%bb%d0%b5%d0%bd%d0%b8%d0%b5","status":"publish","type":"page","link":"https:\/\/aiatiim.ee\/ru\/gsm-%d1%83%d0%bf%d1%80%d0%b0%d0%b2%d0%bb%d0%b5%d0%bd%d0%b8%d0%b5\/","title":{"rendered":"GSM-\u0443\u043f\u0440\u0430\u0432\u043b\u0435\u043d\u0438\u0435"},"content":{"rendered":"<p><strong>GSM-\u0443\u043f\u0440\u0430\u0432\u043b\u0435\u043d\u0438\u0435 &#8212;\u00a0216 EUR ( 180+20%)<\/strong><\/p>\n<p><a href=\"https:\/\/aiatiim.ee\/wp-content\/uploads\/2013\/03\/gsm-varava-juhtimine.jpg\"><img fetchpriority=\"high\" decoding=\"async\" class=\"alignleft size-medium wp-image-263\" src=\"https:\/\/aiatiim.ee\/wp-content\/uploads\/2013\/03\/gsm-varava-juhtimine-300x180.jpg\" alt=\"GSM keskus\" width=\"300\" height=\"180\" srcset=\"https:\/\/aiatiim.ee\/wp-content\/uploads\/2013\/03\/gsm-varava-juhtimine-300x180.jpg 300w, https:\/\/aiatiim.ee\/wp-content\/uploads\/2013\/03\/gsm-varava-juhtimine.jpg 640w\" sizes=\"(max-width: 300px) 100vw, 300px\" \/><\/a>GSM\u00a0\u0443\u043f\u0440\u0430\u0432\u043b\u0435\u043d\u0438\u044f \u0432\u043e\u0440\u043e\u0442\u0430\u043c\u0438 \u043f\u0440\u0438 \u043f\u043e\u043c\u043e\u0449\u0438 \u043c\u043e\u0431\u0438\u043b\u044c\u043d\u043e\u0433\u043e \u0442\u0435\u043b\u0435\u0444\u043e\u043d\u0430.<\/p>\n<p>\u0412 \u0443\u0441\u0442\u0440\u043e\u0439\u0441\u0442\u0432\u043e \u043c\u043e\u0436\u043d\u043e \u0434\u043e\u0431\u0430\u0432\u043b\u044f\u0442\u044c\u00a0500\u00a0\u043f\u043e\u043b\u044c\u0437\u043e\u0432\u0430\u0442\u0435\u043b\u0435\u0439.<\/p>\n<p>\u0423\u0441\u0442\u0440\u043e\u0439\u0441\u0442\u0432\u043e \u0440\u0435\u0430\u0433\u0438\u0440\u0443\u0435\u0442 \u0442\u043e\u043b\u044c\u043a\u043e \u043d\u0430 \u0437\u0430\u043f\u0440\u043e\u0433\u0440\u0430\u043c\u043c\u0438\u0440\u043e\u0432\u0430\u043d\u043d\u044b\u0435 \u0432 \u043d\u0435\u043c \u043d\u043e\u043c\u0435\u0440\u0430 \u0442\u0435\u043b\u0435\u0444\u043e\u043d\u043e\u0432.<\/p>\n<p>\u041c\u043e\u0434\u0443\u043b\u044c \u043c\u043e\u0436\u043d\u043e \u043f\u0440\u043e\u0433\u0440\u0430\u043c\u043c\u0438\u0440\u043e\u0432\u0430\u0442\u044c \u043f\u0440\u0438 \u043f\u043e\u043c\u043e\u0449\u0438 \u0421\u041c\u0421.<\/p>\n<p style=\"text-align: center;\">\n<h3 style=\"text-align: left;\"><strong>\u0417\u0430\u043f\u0440\u043e\u0441 \u0446\u0435\u043d\u044b:<\/strong><\/h3>\n<div class='fluentform ff-default fluentform_wrapper_4 ffs_default_wrap'><form data-form_id=\"4\" id=\"fluentform_4\" class=\"frm-fluent-form fluent_form_4 ff-el-form-top ff_form_instance_4_1 ff-form-loading ffs_default\" data-form_instance=\"ff_form_instance_4_1\" method=\"POST\" ><fieldset  style=\"border: none!important;margin: 0!important;padding: 0!important;background-color: transparent!important;box-shadow: none!important;outline: none!important; min-inline-size: 100%;\">\n                    <legend class=\"ff_screen_reader_title\" style=\"display: block; margin: 0!important;padding: 0!important;height: 0!important;text-indent: -999999px;width: 0!important;overflow:hidden;\">Kontakt RUS<\/legend>        <span style=\"display: none !important;\"><input type=\"checkbox\"\n                name=\"item__4__fluent_checkme_\"\n                value=\"1\" style=\"display:none !important;\" tabindex=\"-1\" aria-hidden=\"true\"><\/span>\n        <input type='hidden' name='__fluent_form_embded_post_id' value='262' \/><input type=\"hidden\" id=\"_fluentform_4_fluentformnonce\" name=\"_fluentform_4_fluentformnonce\" value=\"8eceb29fa6\" \/><input type=\"hidden\" name=\"_wp_http_referer\" value=\"\/ru\/wp-json\/wp\/v2\/pages\/262\" \/><div data-name=\"ff_cn_id_1\"  class='ff-t-container ff-column-container ff_columns_total_3  '><div class='ff-t-cell ff-t-column-1' style='flex-basis: 33.33%;'><div class='ff-el-group ff-el-form-hide_label'><div class=\"ff-el-input--label ff-el-is-required asterisk-right\"><label for='ff_4_nimi' aria-label=\"Nimi\">Nimi<\/label><\/div><div class='ff-el-input--content'><input type=\"text\" name=\"nimi\" class=\"ff-el-form-control\" id=\"ff_4_nimi\" placeholder=\"\u0412\u0430\u0448\u0435 \u0438\u043c\u044f *\" data-name=\"nimi\"  aria-invalid=\"false\" aria-required=true><\/div><\/div><\/div><div class='ff-t-cell ff-t-column-2' style='flex-basis: 33.33%;'><div class='ff-el-group ff-el-form-hide_label'><div class=\"ff-el-input--label ff-el-is-required asterisk-right\"><label for='ff_4_e_mail' aria-label=\"E-mail\">E-mail<\/label><\/div><div class='ff-el-input--content'><input type=\"email\" name=\"e_mail\" class=\"ff-el-form-control\" id=\"ff_4_e_mail\" placeholder=\"\u0412\u0430\u0448 E-Mail *\" data-name=\"e_mail\"  aria-invalid=\"false\" aria-required=true><\/div><\/div><\/div><div class='ff-t-cell ff-t-column-3' style='flex-basis: 33.33%;'><div class='ff-el-group ff-el-form-hide_label'><div class=\"ff-el-input--label ff-el-is-required asterisk-right\"><label for='ff_4_kontakttelefon' aria-label=\"Kontakttelefon\">Kontakttelefon<\/label><\/div><div class='ff-el-input--content'><input type=\"text\" name=\"kontakttelefon\" class=\"ff-el-form-control\" id=\"ff_4_kontakttelefon\" placeholder=\"\u0422\u0435\u043b\u0435\u0444\u043e\u043d *\" data-name=\"kontakttelefon\"  aria-invalid=\"false\" aria-required=true><\/div><\/div><\/div><\/div><div class='ff-el-group ff-el-form-hide_label'><div class=\"ff-el-input--label asterisk-right\"><label for='ff_4_kirjelda_oma_soove' aria-label=\"Kirjelda oma soove\">Kirjelda oma soove<\/label><\/div><div class='ff-el-input--content'><textarea aria-invalid=\"false\" aria-required=false name=\"kirjelda_oma_soove\" class=\"ff-el-form-control\" id=\"ff_4_kirjelda_oma_soove\" placeholder=\"\u0421\u043e\u043e\u0431\u0449\u0435\u043d\u0438\u0435\" rows=\"7\" cols=\"2\" data-name=\"kirjelda_oma_soove\" ><\/textarea><\/div><\/div><div class='ff-el-group ff-text-left ff_submit_btn_wrapper'><button type=\"submit\" class=\"ff-btn ff-btn-submit ff-btn-md ff_btn_no_style\" >\u041e\u0422\u041f\u0420\u0410\u0412\u0418\u0422\u042c<\/button><\/div><\/fieldset><\/form><div id='fluentform_4_errors' class='ff-errors-in-stack ff_form_instance_4_1 ff-form-loading_errors ff_form_instance_4_1_errors'><\/div><\/div>        <script type=\"text\/javascript\">\n            window.fluent_form_ff_form_instance_4_1 = {\"id\":\"4\",\"settings\":{\"layout\":{\"labelPlacement\":\"top\",\"helpMessagePlacement\":\"with_label\",\"errorMessagePlacement\":\"inline\",\"cssClassName\":\"\",\"asteriskPlacement\":\"asterisk-right\"},\"restrictions\":{\"denyEmptySubmission\":{\"enabled\":false}}},\"form_instance\":\"ff_form_instance_4_1\",\"form_id_selector\":\"fluentform_4\",\"rules\":{\"nimi\":{\"required\":{\"value\":true,\"message\":\"This field is required\",\"global\":false,\"global_message\":\"This field is required\"}},\"e_mail\":{\"required\":{\"value\":true,\"message\":\"This field is required\",\"global\":false,\"global_message\":\"This field is required\"},\"email\":{\"value\":1,\"message\":\"This field must contain a valid email\",\"global\":false,\"global_message\":\"This field must contain a valid email\"}},\"kontakttelefon\":{\"required\":{\"value\":true,\"message\":\"This field is required\",\"global\":false,\"global_message\":\"This field is required\"}},\"kirjelda_oma_soove\":{\"required\":{\"value\":false,\"message\":\"This field is required\",\"global\":false,\"global_message\":\"This field is required\"}}},\"debounce_time\":300};\n                    <\/script>\n        \n","protected":false},"excerpt":{"rendered":"<p>GSM-\u0443\u043f\u0440\u0430\u0432\u043b\u0435\u043d\u0438\u0435 &#8212;\u00a0216 EUR ( 180+20%) GSM\u00a0\u0443\u043f\u0440\u0430\u0432\u043b\u0435\u043d\u0438\u044f \u0432\u043e\u0440\u043e\u0442\u0430\u043c\u0438 \u043f\u0440\u0438 \u043f\u043e\u043c\u043e\u0449\u0438 \u043c\u043e\u0431\u0438\u043b\u044c\u043d\u043e\u0433\u043e \u0442\u0435\u043b\u0435\u0444\u043e\u043d\u0430. \u0412 \u0443\u0441\u0442\u0440\u043e\u0439\u0441\u0442\u0432\u043e \u043c\u043e\u0436\u043d\u043e \u0434\u043e\u0431\u0430\u0432\u043b\u044f\u0442\u044c\u00a0500\u00a0\u043f\u043e\u043b\u044c\u0437\u043e\u0432\u0430\u0442\u0435\u043b\u0435\u0439. \u0423\u0441\u0442\u0440\u043e\u0439\u0441\u0442\u0432\u043e \u0440\u0435\u0430\u0433\u0438\u0440\u0443\u0435\u0442 \u0442\u043e\u043b\u044c\u043a\u043e \u043d\u0430 \u0437\u0430\u043f\u0440\u043e\u0433\u0440\u0430\u043c\u043c\u0438\u0440\u043e\u0432\u0430\u043d\u043d\u044b\u0435 \u0432 \u043d\u0435\u043c \u043d\u043e\u043c\u0435\u0440\u0430 \u0442\u0435\u043b\u0435\u0444\u043e\u043d\u043e\u0432. \u041c\u043e\u0434\u0443\u043b\u044c \u043c\u043e\u0436\u043d\u043e \u043f\u0440\u043e\u0433\u0440\u0430\u043c\u043c\u0438\u0440\u043e\u0432\u0430\u0442\u044c \u043f\u0440\u0438 \u043f\u043e\u043c\u043e\u0449\u0438 \u0421\u041c\u0421. \u0417\u0430\u043f\u0440\u043e\u0441 \u0446\u0435\u043d\u044b:<\/p>\n","protected":false},"author":5,"featured_media":0,"parent":0,"menu_order":0,"comment_status":"closed","ping_status":"closed","template":"","meta":{"ocean_post_layout":"","ocean_both_sidebars_style":"","ocean_both_sidebars_content_width":0,"ocean_both_sidebars_sidebars_width":0,"ocean_sidebar":"","ocean_second_sidebar":"","ocean_disable_margins":"enable","ocean_add_body_class":"","ocean_shortcode_before_top_bar":"","ocean_shortcode_after_top_bar":"","ocean_shortcode_before_header":"","ocean_shortcode_after_header":"","ocean_has_shortcode":"","ocean_shortcode_after_title":"","ocean_shortcode_before_footer_widgets":"","ocean_shortcode_after_footer_widgets":"","ocean_shortcode_before_footer_bottom":"","ocean_shortcode_after_footer_bottom":"","ocean_display_top_bar":"default","ocean_display_header":"default","ocean_header_style":"","ocean_center_header_left_menu":"","ocean_custom_header_template":"","ocean_custom_logo":0,"ocean_custom_retina_logo":0,"ocean_custom_logo_max_width":0,"ocean_custom_logo_tablet_max_width":0,"ocean_custom_logo_mobile_max_width":0,"ocean_custom_logo_max_height":0,"ocean_custom_logo_tablet_max_height":0,"ocean_custom_logo_mobile_max_height":0,"ocean_header_custom_menu":"","ocean_menu_typo_font_family":"","ocean_menu_typo_font_subset":"","ocean_menu_typo_font_size":0,"ocean_menu_typo_font_size_tablet":0,"ocean_menu_typo_font_size_mobile":0,"ocean_menu_typo_font_size_unit":"px","ocean_menu_typo_font_weight":"","ocean_menu_typo_font_weight_tablet":"","ocean_menu_typo_font_weight_mobile":"","ocean_menu_typo_transform":"","ocean_menu_typo_transform_tablet":"","ocean_menu_typo_transform_mobile":"","ocean_menu_typo_line_height":0,"ocean_menu_typo_line_height_tablet":0,"ocean_menu_typo_line_height_mobile":0,"ocean_menu_typo_line_height_unit":"","ocean_menu_typo_spacing":0,"ocean_menu_typo_spacing_tablet":0,"ocean_menu_typo_spacing_mobile":0,"ocean_menu_typo_spacing_unit":"","ocean_menu_link_color":"","ocean_menu_link_color_hover":"","ocean_menu_link_color_active":"","ocean_menu_link_background":"","ocean_menu_link_hover_background":"","ocean_menu_link_active_background":"","ocean_menu_social_links_bg":"","ocean_menu_social_hover_links_bg":"","ocean_menu_social_links_color":"","ocean_menu_social_hover_links_color":"","ocean_disable_title":"default","ocean_disable_heading":"default","ocean_post_title":"","ocean_post_subheading":"","ocean_post_title_style":"","ocean_post_title_background_color":"","ocean_post_title_background":0,"ocean_post_title_bg_image_position":"","ocean_post_title_bg_image_attachment":"","ocean_post_title_bg_image_repeat":"","ocean_post_title_bg_image_size":"","ocean_post_title_height":0,"ocean_post_title_bg_overlay":0.5,"ocean_post_title_bg_overlay_color":"","ocean_disable_breadcrumbs":"default","ocean_breadcrumbs_color":"","ocean_breadcrumbs_separator_color":"","ocean_breadcrumbs_links_color":"","ocean_breadcrumbs_links_hover_color":"","ocean_display_footer_widgets":"default","ocean_display_footer_bottom":"default","ocean_custom_footer_template":"","osh_disable_topbar_sticky":"default","osh_disable_header_sticky":"default","osh_sticky_header_style":"default","osh_sticky_header_effect":"","osh_custom_sticky_logo":0,"osh_custom_retina_sticky_logo":0,"osh_custom_sticky_logo_height":0,"osh_background_color":"","osh_links_color":"","osh_links_hover_color":"","osh_links_active_color":"","osh_links_bg_color":"","osh_links_hover_bg_color":"","osh_links_active_bg_color":"","osh_menu_social_links_color":"","osh_menu_social_hover_links_color":"","footnotes":""},"class_list":["post-262","page","type-page","status-publish","hentry","entry"],"yoast_head":"<!-- This site is optimized with the Yoast SEO plugin v24.2 - https:\/\/yoast.com\/wordpress\/plugins\/seo\/ -->\n<title>GSM-\u0443\u043f\u0440\u0430\u0432\u043b\u0435\u043d\u0438\u0435<\/title>\n<meta name=\"description\" content=\"GSM-\u0443\u043f\u0440\u0430\u0432\u043b\u0435\u043d\u0438\u0435 \u0432\u043e\u0440\u043e\u0442\u0430\u043c\u0438 \u043f\u0440\u0438 \u043f\u043e\u043c\u043e\u0449\u0438 \u043c\u043e\u0431\u0438\u043b\u044c\u043d\u043e\u0433\u043e \u0442\u0435\u043b\u0435\u0444\u043e\u043d\u0430. \u0412 \u0443\u0441\u0442\u0440\u043e\u0439\u0441\u0442\u0432\u043e \u043c\u043e\u0436\u043d\u043e \u0434\u043e\u0431\u0430\u0432\u043b\u044f\u0442\u044c 99 \u043f\u043e\u043b\u044c\u0437\u043e\u0432\u0430\u0442\u0435\u043b\u0435\u0439.\" \/>\n<meta name=\"robots\" content=\"index, follow, max-snippet:-1, max-image-preview:large, max-video-preview:-1\" \/>\n<link rel=\"canonical\" href=\"https:\/\/aiatiim.ee\/ru\/gsm-\u0443\u043f\u0440\u0430\u0432\u043b\u0435\u043d\u0438\u0435\/\" \/>\n<meta property=\"og:locale\" content=\"ru_RU\" \/>\n<meta property=\"og:type\" content=\"article\" \/>\n<meta property=\"og:title\" content=\"GSM-\u0443\u043f\u0440\u0430\u0432\u043b\u0435\u043d\u0438\u0435\" \/>\n<meta property=\"og:description\" content=\"GSM-\u0443\u043f\u0440\u0430\u0432\u043b\u0435\u043d\u0438\u0435 \u0432\u043e\u0440\u043e\u0442\u0430\u043c\u0438 \u043f\u0440\u0438 \u043f\u043e\u043c\u043e\u0449\u0438 \u043c\u043e\u0431\u0438\u043b\u044c\u043d\u043e\u0433\u043e \u0442\u0435\u043b\u0435\u0444\u043e\u043d\u0430. \u0412 \u0443\u0441\u0442\u0440\u043e\u0439\u0441\u0442\u0432\u043e \u043c\u043e\u0436\u043d\u043e \u0434\u043e\u0431\u0430\u0432\u043b\u044f\u0442\u044c 99 \u043f\u043e\u043b\u044c\u0437\u043e\u0432\u0430\u0442\u0435\u043b\u0435\u0439.\" \/>\n<meta property=\"og:url\" content=\"https:\/\/aiatiim.ee\/ru\/gsm-\u0443\u043f\u0440\u0430\u0432\u043b\u0435\u043d\u0438\u0435\/\" \/>\n<meta property=\"og:site_name\" content=\"Aiatiim O\u00dc\" \/>\n<meta property=\"article:modified_time\" content=\"2018-01-30T11:47:00+00:00\" \/>\n<meta property=\"og:image\" content=\"https:\/\/aiatiim.ee\/wp-content\/uploads\/2013\/03\/gsm-varava-juhtimine-300x180.jpg\" \/>\n<script type=\"application\/ld+json\" class=\"yoast-schema-graph\">{\"@context\":\"https:\/\/schema.org\",\"@graph\":[{\"@type\":\"WebPage\",\"@id\":\"https:\/\/aiatiim.ee\/ru\/gsm-%d1%83%d0%bf%d1%80%d0%b0%d0%b2%d0%bb%d0%b5%d0%bd%d0%b8%d0%b5\/\",\"url\":\"https:\/\/aiatiim.ee\/ru\/gsm-%d1%83%d0%bf%d1%80%d0%b0%d0%b2%d0%bb%d0%b5%d0%bd%d0%b8%d0%b5\/\",\"name\":\"GSM-\u0443\u043f\u0440\u0430\u0432\u043b\u0435\u043d\u0438\u0435\",\"isPartOf\":{\"@id\":\"https:\/\/aiatiim.ee\/ru\/#website\"},\"primaryImageOfPage\":{\"@id\":\"https:\/\/aiatiim.ee\/ru\/gsm-%d1%83%d0%bf%d1%80%d0%b0%d0%b2%d0%bb%d0%b5%d0%bd%d0%b8%d0%b5\/#primaryimage\"},\"image\":{\"@id\":\"https:\/\/aiatiim.ee\/ru\/gsm-%d1%83%d0%bf%d1%80%d0%b0%d0%b2%d0%bb%d0%b5%d0%bd%d0%b8%d0%b5\/#primaryimage\"},\"thumbnailUrl\":\"https:\/\/aiatiim.ee\/wp-content\/uploads\/2013\/03\/gsm-varava-juhtimine-300x180.jpg\",\"datePublished\":\"2013-03-06T17:13:49+00:00\",\"dateModified\":\"2018-01-30T11:47:00+00:00\",\"description\":\"GSM-\u0443\u043f\u0440\u0430\u0432\u043b\u0435\u043d\u0438\u0435 \u0432\u043e\u0440\u043e\u0442\u0430\u043c\u0438 \u043f\u0440\u0438 \u043f\u043e\u043c\u043e\u0449\u0438 \u043c\u043e\u0431\u0438\u043b\u044c\u043d\u043e\u0433\u043e \u0442\u0435\u043b\u0435\u0444\u043e\u043d\u0430. \u0412 \u0443\u0441\u0442\u0440\u043e\u0439\u0441\u0442\u0432\u043e \u043c\u043e\u0436\u043d\u043e \u0434\u043e\u0431\u0430\u0432\u043b\u044f\u0442\u044c 99 \u043f\u043e\u043b\u044c\u0437\u043e\u0432\u0430\u0442\u0435\u043b\u0435\u0439.\",\"breadcrumb\":{\"@id\":\"https:\/\/aiatiim.ee\/ru\/gsm-%d1%83%d0%bf%d1%80%d0%b0%d0%b2%d0%bb%d0%b5%d0%bd%d0%b8%d0%b5\/#breadcrumb\"},\"inLanguage\":\"ru-RU\",\"potentialAction\":[{\"@type\":\"ReadAction\",\"target\":[\"https:\/\/aiatiim.ee\/ru\/gsm-%d1%83%d0%bf%d1%80%d0%b0%d0%b2%d0%bb%d0%b5%d0%bd%d0%b8%d0%b5\/\"]}]},{\"@type\":\"ImageObject\",\"inLanguage\":\"ru-RU\",\"@id\":\"https:\/\/aiatiim.ee\/ru\/gsm-%d1%83%d0%bf%d1%80%d0%b0%d0%b2%d0%bb%d0%b5%d0%bd%d0%b8%d0%b5\/#primaryimage\",\"url\":\"https:\/\/aiatiim.ee\/wp-content\/uploads\/2013\/03\/gsm-varava-juhtimine-300x180.jpg\",\"contentUrl\":\"https:\/\/aiatiim.ee\/wp-content\/uploads\/2013\/03\/gsm-varava-juhtimine-300x180.jpg\"},{\"@type\":\"BreadcrumbList\",\"@id\":\"https:\/\/aiatiim.ee\/ru\/gsm-%d1%83%d0%bf%d1%80%d0%b0%d0%b2%d0%bb%d0%b5%d0%bd%d0%b8%d0%b5\/#breadcrumb\",\"itemListElement\":[{\"@type\":\"ListItem\",\"position\":1,\"name\":\"Avaleht\",\"item\":\"https:\/\/aiatiim.ee\/ru\/\"},{\"@type\":\"ListItem\",\"position\":2,\"name\":\"GSM-\u0443\u043f\u0440\u0430\u0432\u043b\u0435\u043d\u0438\u0435\"}]},{\"@type\":\"WebSite\",\"@id\":\"https:\/\/aiatiim.ee\/ru\/#website\",\"url\":\"https:\/\/aiatiim.ee\/ru\/\",\"name\":\"Aiatiim O\u00dc\",\"description\":\"Aiav\u00e4ravate, piirdeaedade ja t\u00f5kkepuude m\u00fc\u00fck, paigaldus ja hooldus\",\"publisher\":{\"@id\":\"https:\/\/aiatiim.ee\/ru\/#organization\"},\"potentialAction\":[{\"@type\":\"SearchAction\",\"target\":{\"@type\":\"EntryPoint\",\"urlTemplate\":\"https:\/\/aiatiim.ee\/ru\/?s={search_term_string}\"},\"query-input\":{\"@type\":\"PropertyValueSpecification\",\"valueRequired\":true,\"valueName\":\"search_term_string\"}}],\"inLanguage\":\"ru-RU\"},{\"@type\":\"Organization\",\"@id\":\"https:\/\/aiatiim.ee\/ru\/#organization\",\"name\":\"Aiatiim O\u00dc\",\"url\":\"https:\/\/aiatiim.ee\/ru\/\",\"logo\":{\"@type\":\"ImageObject\",\"inLanguage\":\"ru-RU\",\"@id\":\"https:\/\/aiatiim.ee\/ru\/#\/schema\/logo\/image\/\",\"url\":\"https:\/\/aiatiim.ee\/wp-content\/uploads\/2019\/02\/logo2.png\",\"contentUrl\":\"https:\/\/aiatiim.ee\/wp-content\/uploads\/2019\/02\/logo2.png\",\"width\":151,\"height\":30,\"caption\":\"Aiatiim O\u00dc\"},\"image\":{\"@id\":\"https:\/\/aiatiim.ee\/ru\/#\/schema\/logo\/image\/\"}}]}<\/script>\n<!-- \/ Yoast SEO plugin. -->","yoast_head_json":{"title":"GSM-\u0443\u043f\u0440\u0430\u0432\u043b\u0435\u043d\u0438\u0435","description":"GSM-\u0443\u043f\u0440\u0430\u0432\u043b\u0435\u043d\u0438\u0435 \u0432\u043e\u0440\u043e\u0442\u0430\u043c\u0438 \u043f\u0440\u0438 \u043f\u043e\u043c\u043e\u0449\u0438 \u043c\u043e\u0431\u0438\u043b\u044c\u043d\u043e\u0433\u043e \u0442\u0435\u043b\u0435\u0444\u043e\u043d\u0430. \u0412 \u0443\u0441\u0442\u0440\u043e\u0439\u0441\u0442\u0432\u043e \u043c\u043e\u0436\u043d\u043e \u0434\u043e\u0431\u0430\u0432\u043b\u044f\u0442\u044c 99 \u043f\u043e\u043b\u044c\u0437\u043e\u0432\u0430\u0442\u0435\u043b\u0435\u0439.","robots":{"index":"index","follow":"follow","max-snippet":"max-snippet:-1","max-image-preview":"max-image-preview:large","max-video-preview":"max-video-preview:-1"},"canonical":"https:\/\/aiatiim.ee\/ru\/gsm-\u0443\u043f\u0440\u0430\u0432\u043b\u0435\u043d\u0438\u0435\/","og_locale":"ru_RU","og_type":"article","og_title":"GSM-\u0443\u043f\u0440\u0430\u0432\u043b\u0435\u043d\u0438\u0435","og_description":"GSM-\u0443\u043f\u0440\u0430\u0432\u043b\u0435\u043d\u0438\u0435 \u0432\u043e\u0440\u043e\u0442\u0430\u043c\u0438 \u043f\u0440\u0438 \u043f\u043e\u043c\u043e\u0449\u0438 \u043c\u043e\u0431\u0438\u043b\u044c\u043d\u043e\u0433\u043e \u0442\u0435\u043b\u0435\u0444\u043e\u043d\u0430. \u0412 \u0443\u0441\u0442\u0440\u043e\u0439\u0441\u0442\u0432\u043e \u043c\u043e\u0436\u043d\u043e \u0434\u043e\u0431\u0430\u0432\u043b\u044f\u0442\u044c 99 \u043f\u043e\u043b\u044c\u0437\u043e\u0432\u0430\u0442\u0435\u043b\u0435\u0439.","og_url":"https:\/\/aiatiim.ee\/ru\/gsm-\u0443\u043f\u0440\u0430\u0432\u043b\u0435\u043d\u0438\u0435\/","og_site_name":"Aiatiim O\u00dc","article_modified_time":"2018-01-30T11:47:00+00:00","og_image":[{"url":"https:\/\/aiatiim.ee\/wp-content\/uploads\/2013\/03\/gsm-varava-juhtimine-300x180.jpg","type":"","width":"","height":""}],"schema":{"@context":"https:\/\/schema.org","@graph":[{"@type":"WebPage","@id":"https:\/\/aiatiim.ee\/ru\/gsm-%d1%83%d0%bf%d1%80%d0%b0%d0%b2%d0%bb%d0%b5%d0%bd%d0%b8%d0%b5\/","url":"https:\/\/aiatiim.ee\/ru\/gsm-%d1%83%d0%bf%d1%80%d0%b0%d0%b2%d0%bb%d0%b5%d0%bd%d0%b8%d0%b5\/","name":"GSM-\u0443\u043f\u0440\u0430\u0432\u043b\u0435\u043d\u0438\u0435","isPartOf":{"@id":"https:\/\/aiatiim.ee\/ru\/#website"},"primaryImageOfPage":{"@id":"https:\/\/aiatiim.ee\/ru\/gsm-%d1%83%d0%bf%d1%80%d0%b0%d0%b2%d0%bb%d0%b5%d0%bd%d0%b8%d0%b5\/#primaryimage"},"image":{"@id":"https:\/\/aiatiim.ee\/ru\/gsm-%d1%83%d0%bf%d1%80%d0%b0%d0%b2%d0%bb%d0%b5%d0%bd%d0%b8%d0%b5\/#primaryimage"},"thumbnailUrl":"https:\/\/aiatiim.ee\/wp-content\/uploads\/2013\/03\/gsm-varava-juhtimine-300x180.jpg","datePublished":"2013-03-06T17:13:49+00:00","dateModified":"2018-01-30T11:47:00+00:00","description":"GSM-\u0443\u043f\u0440\u0430\u0432\u043b\u0435\u043d\u0438\u0435 \u0432\u043e\u0440\u043e\u0442\u0430\u043c\u0438 \u043f\u0440\u0438 \u043f\u043e\u043c\u043e\u0449\u0438 \u043c\u043e\u0431\u0438\u043b\u044c\u043d\u043e\u0433\u043e \u0442\u0435\u043b\u0435\u0444\u043e\u043d\u0430. \u0412 \u0443\u0441\u0442\u0440\u043e\u0439\u0441\u0442\u0432\u043e \u043c\u043e\u0436\u043d\u043e \u0434\u043e\u0431\u0430\u0432\u043b\u044f\u0442\u044c 99 \u043f\u043e\u043b\u044c\u0437\u043e\u0432\u0430\u0442\u0435\u043b\u0435\u0439.","breadcrumb":{"@id":"https:\/\/aiatiim.ee\/ru\/gsm-%d1%83%d0%bf%d1%80%d0%b0%d0%b2%d0%bb%d0%b5%d0%bd%d0%b8%d0%b5\/#breadcrumb"},"inLanguage":"ru-RU","potentialAction":[{"@type":"ReadAction","target":["https:\/\/aiatiim.ee\/ru\/gsm-%d1%83%d0%bf%d1%80%d0%b0%d0%b2%d0%bb%d0%b5%d0%bd%d0%b8%d0%b5\/"]}]},{"@type":"ImageObject","inLanguage":"ru-RU","@id":"https:\/\/aiatiim.ee\/ru\/gsm-%d1%83%d0%bf%d1%80%d0%b0%d0%b2%d0%bb%d0%b5%d0%bd%d0%b8%d0%b5\/#primaryimage","url":"https:\/\/aiatiim.ee\/wp-content\/uploads\/2013\/03\/gsm-varava-juhtimine-300x180.jpg","contentUrl":"https:\/\/aiatiim.ee\/wp-content\/uploads\/2013\/03\/gsm-varava-juhtimine-300x180.jpg"},{"@type":"BreadcrumbList","@id":"https:\/\/aiatiim.ee\/ru\/gsm-%d1%83%d0%bf%d1%80%d0%b0%d0%b2%d0%bb%d0%b5%d0%bd%d0%b8%d0%b5\/#breadcrumb","itemListElement":[{"@type":"ListItem","position":1,"name":"Avaleht","item":"https:\/\/aiatiim.ee\/ru\/"},{"@type":"ListItem","position":2,"name":"GSM-\u0443\u043f\u0440\u0430\u0432\u043b\u0435\u043d\u0438\u0435"}]},{"@type":"WebSite","@id":"https:\/\/aiatiim.ee\/ru\/#website","url":"https:\/\/aiatiim.ee\/ru\/","name":"Aiatiim O\u00dc","description":"Aiav\u00e4ravate, piirdeaedade ja t\u00f5kkepuude m\u00fc\u00fck, paigaldus ja hooldus","publisher":{"@id":"https:\/\/aiatiim.ee\/ru\/#organization"},"potentialAction":[{"@type":"SearchAction","target":{"@type":"EntryPoint","urlTemplate":"https:\/\/aiatiim.ee\/ru\/?s={search_term_string}"},"query-input":{"@type":"PropertyValueSpecification","valueRequired":true,"valueName":"search_term_string"}}],"inLanguage":"ru-RU"},{"@type":"Organization","@id":"https:\/\/aiatiim.ee\/ru\/#organization","name":"Aiatiim O\u00dc","url":"https:\/\/aiatiim.ee\/ru\/","logo":{"@type":"ImageObject","inLanguage":"ru-RU","@id":"https:\/\/aiatiim.ee\/ru\/#\/schema\/logo\/image\/","url":"https:\/\/aiatiim.ee\/wp-content\/uploads\/2019\/02\/logo2.png","contentUrl":"https:\/\/aiatiim.ee\/wp-content\/uploads\/2019\/02\/logo2.png","width":151,"height":30,"caption":"Aiatiim O\u00dc"},"image":{"@id":"https:\/\/aiatiim.ee\/ru\/#\/schema\/logo\/image\/"}}]}},"_links":{"self":[{"href":"https:\/\/aiatiim.ee\/ru\/wp-json\/wp\/v2\/pages\/262","targetHints":{"allow":["GET"]}}],"collection":[{"href":"https:\/\/aiatiim.ee\/ru\/wp-json\/wp\/v2\/pages"}],"about":[{"href":"https:\/\/aiatiim.ee\/ru\/wp-json\/wp\/v2\/types\/page"}],"author":[{"embeddable":true,"href":"https:\/\/aiatiim.ee\/ru\/wp-json\/wp\/v2\/users\/5"}],"replies":[{"embeddable":true,"href":"https:\/\/aiatiim.ee\/ru\/wp-json\/wp\/v2\/comments?post=262"}],"version-history":[{"count":2,"href":"https:\/\/aiatiim.ee\/ru\/wp-json\/wp\/v2\/pages\/262\/revisions"}],"predecessor-version":[{"id":3521,"href":"https:\/\/aiatiim.ee\/ru\/wp-json\/wp\/v2\/pages\/262\/revisions\/3521"}],"wp:attachment":[{"href":"https:\/\/aiatiim.ee\/ru\/wp-json\/wp\/v2\/media?parent=262"}],"curies":[{"name":"wp","href":"https:\/\/api.w.org\/{rel}","templated":true}]}}